{"id":454,"date":"2025-06-06T00:03:04","date_gmt":"2025-06-05T22:03:04","guid":{"rendered":"https:\/\/chcisvojiporodniasistentku.cz\/?page_id=454"},"modified":"2025-06-06T00:03:04","modified_gmt":"2025-06-05T22:03:04","slug":"vyzva-senatorkam-a-senatorum","status":"publish","type":"page","link":"https:\/\/chcisvojiporodniasistentku.cz\/index.php\/vyzva-senatorkam-a-senatorum\/","title":{"rendered":"V\u00fdzva sen\u00e1tork\u00e1m a sen\u00e1tor\u016fm"},"content":{"rendered":"\n<p><em>P\u0159epis vystoupen\u00ed porodn\u00ed asistentky Veroniky Ha\u017elinsk\u00e9 na sen\u00e1tn\u00edm V\u00fdboru pro zdravotnictv\u00ed dne 3. \u010dervna 2025<\/em><\/p>\n\n\n\n<p><a href=\"https:\/\/www.instagram.com\/reel\/DKd71NWiDb9\/?utm_source=ig_web_copy_link&amp;igsh=MzRlODBiNWFlZA==\">Z\u00c1ZNAM<\/a><\/p>\n\n\n\n<p><\/p>\n\n\n\n<p>V\u00e1\u017een\u00fd pane p\u0159edsedo, pane minist\u0159e,&nbsp;<\/p>\n\n\n\n<p>v\u00e1\u017een\u00e9 sen\u00e1torky, v\u00e1\u017een\u00ed sen\u00e1to\u0159i,<\/p>\n\n\n\n<p>d\u011bkuji, \u017ee jsem dostala prostor zde promluvit. M\u00e9 jm\u00e9no je Veronika Ha\u017elinsk\u00e1 a dnes tu p\u0159ed v\u00e1mi stoj\u00edm nebo sp\u00ed\u0161e sed\u00edm jako porodn\u00ed asistentka, ale i jako \u017eena a m\u00e1ma dvou d\u011bt\u00ed. Vzhledem k tomu, \u017ee mi bylo \u0159e\u010deno, \u017ee m\u00e1m t\u0159i minuty, p\u016fjdu hned k v\u011bci.&nbsp;<\/p>\n\n\n\n<p>V roce 2021 jsem zalo\u017eila iniciativu Chci svoji porodn\u00ed asistentku na zlep\u0161en\u00ed dostupnosti p\u00e9\u010de porodn\u00ed asistentky, kter\u00e1 k dne\u0161n\u00edmu dni z\u00edskala t\u00e9m\u011b\u0159 10 tis\u00edc podpis\u016f. Iniciativa vyjad\u0159uje podporu pozm\u011b\u0148ovac\u00edmu n\u00e1vrhu k novele z\u00e1kona o zdravotn\u00edm poji\u0161t\u011bn\u00ed, kter\u00fd v roce 2021 p\u0159edkl\u00e1dala poslankyn\u011b Olga Richterov\u00e1. O tomto pozm\u011b\u0148ovac\u00edm n\u00e1vrhu jste tu u\u017e dnes sly\u0161eli z \u00fast sen\u00e1torky \u0160\u00edpov\u00e9, a j\u00e1 d\u011bkuji, \u017ee se rozhodla ho p\u0159en\u00e9st i na p\u016fdu Sen\u00e1tu.&nbsp;<\/p>\n\n\n\n<p>Moment\u00e1ln\u011b se u hrazen\u00fdch v\u00fdkon\u016f z ve\u0159ejn\u00e9ho zdravotn\u00edho poji\u0161t\u011bn\u00ed bav\u00edme o jedn\u00e9 t\u011bhotensk\u00e9 poradn\u011b a a\u017e t\u0159ech n\u00e1v\u0161t\u011bv\u00e1ch v dom\u00e1c\u00edm prost\u0159ed\u00ed po porodu. A pr\u00e1v\u011b ta p\u00e9\u010de po porodu v dom\u00e1c\u00edm prost\u0159ed\u00ed je to hlavn\u00ed, co bych tu dneska cht\u011bla vyp\u00edchnout. Kdy\u017e jsem toti\u017e v roce 2018 dokon\u010dila studium na prvn\u00ed l\u00e9ka\u0159sk\u00e9 fakult\u011b, tak pro m\u011b p\u00e9\u010de o \u017eenu po porodu byla synonymem p\u00e9\u010de o \u017eenu na odd\u011blen\u00ed \u0161estined\u011bl\u00ed v nemocnici. A pak puf. Pokud se \u017eena neobjevila s n\u011bjak\u00fdm u\u017e pom\u011brn\u011b dramatick\u00fdm probl\u00e9mem v ambulanci nebo p\u0159\u00edmo na pohotovosti, tak po propu\u0161t\u011bn\u00ed z porodnice ze syst\u00e9mu doslova zmizela. Nikdo nev\u011bd\u011bl, co se s n\u00ed d\u011bje nebo ned\u011bje, nikdo se o n\u00ed moc nezaj\u00edmal. Prvn\u00ed mo\u017en\u00fd preventivn\u00ed z\u00e1chyt a\u017e \u0161est t\u00fddn\u016f po porodu v ordinaci registruj\u00edc\u00edho gynekologa nebo gynekolo\u017eky. To byla realita, kterou jsem si i j\u00e1 za\u017eila s prvn\u00ed dcerou.&nbsp;<\/p>\n\n\n\n<p>A \u0161est t\u00fddn\u016f po porodu je pozd\u011b na \u0159e\u0161en\u00ed probl\u00e9m\u016f s kojen\u00edm. \u0160patn\u011b zhojen\u00e9 porodn\u00ed poran\u011bn\u00ed je na plastiku. Edukace k p\u00e9\u010di o jizvu po c\u00edsa\u0159sk\u00e9m \u0159ezu nebo na hr\u00e1zi je taky u\u017e pom\u011brn\u011b pas\u00e9, alespo\u0148 co se t\u00fdk\u00e1 toho ran\u00e9ho hojen\u00ed. A psychick\u00e9 probl\u00e9my m\u00e1lokter\u00e1 \u017eena v ordinaci sv\u00e9 l\u00e9ka\u0159ky nebo l\u00e9ka\u0159e p\u0159izn\u00e1. U\u017e jen proto, \u017ee na to m\u00e1lokdy je \u010das nebo o to l\u00e9ka\u0159 neprojev\u00ed z\u00e1jem. P\u0159itom v\u00edme, \u017ee s poporodn\u00ed depres\u00ed se setk\u00e1 zhruba 15% \u017een. Co se t\u00fdk\u00e1 poran\u011bn\u00ed, tak z porodnic n\u00e1m v\u00edc n\u011b\u017e \u010dtvrtina \u017een odch\u00e1z\u00ed po c\u00edsa\u0159sk\u00e9m \u0159ezu, po velk\u00e9 b\u0159i\u0161n\u00ed operaci. Z t\u011bch \u017een, kter\u00e9 porod\u00ed vagin\u00e1ln\u011b, m\u00e1 v\u00edce ne\u017e 50% poran\u011bn\u00ed p\u00e1nevn\u00edho dna, p\u0159i\u010dem\u017e ka\u017ed\u00e1 t\u0159et\u00ed \u017eena st\u00e1le u porodu obdr\u017e\u00ed n\u00e1st\u0159ih. Ohledn\u011b kojen\u00ed v\u00edme, \u017ee m\u00e1 z\u00e1jem kojit p\u0159ev\u00e1\u017en\u00e1 v\u011bt\u0161ina \u017een, ale p\u0159i odchodu z porodnice je 20% d\u011bti na dokrmu, tedy se neda\u0159\u00ed pln\u011b kojit a vzhledem k tomu, \u017ee v 6 m\u011bs\u00edc\u00edch je v\u00fdlu\u010dn\u011b kojen\u00fdch u\u017e jen 18% d\u011bt\u00ed, je vid\u011bt, \u017ee je n\u00e1\u0161 syst\u00e9m podpory a ochrany kojen\u00ed nefunk\u010dn\u00ed.&nbsp;<\/p>\n\n\n\n<p>Vy\u0159e\u0161ila by poporodn\u00ed n\u00e1v\u0161t\u011bva porodn\u00ed asistentkou v\u0161echny na\u0161e probl\u00e9my? To ur\u010dit\u011b ne, ale poporodn\u00ed p\u00e9\u010de, p\u0159edev\u0161\u00edm ta preventivn\u00ed m\u00e1 nepopirateln\u00fd v\u00fdznam a pokud se porodn\u00ed asistentce poda\u0159\u00ed pomoc\u00ed v\u010dasn\u00fdch intervenc\u00ed a edukace \u017een\u011b pomoci s rekonvalescenc\u00ed po porodu nebo s kojen\u00edm, m\u00e1 z toho prosp\u011bch nejen samotn\u00e1 \u017eena, ale i jej\u00ed d\u00edt\u011b.&nbsp;<\/p>\n\n\n\n<p>To je toti\u017e dal\u0161\u00ed nesporn\u00e1 v\u00fdhoda n\u00e1s porodn\u00edch asistentek, jsme pln\u011b kompetentn\u00ed pe\u010dovat nejen o \u017eenu, ale i o fyziologick\u00e9ho novorozence. P\u0159i spolupr\u00e1ci s pediatry tak m\u016f\u017eeme mnohem l\u00e9pe koordinovat p\u00e9\u010di o novorozence, kter\u00fd m\u00e1 t\u0159eba zrovna pot\u00ed\u017ee s krmen\u00edm.&nbsp;<\/p>\n\n\n\n<p>To, \u017ee prevence probl\u00e9m\u016f \u0161et\u0159\u00ed pen\u011b\u017eenku doty\u010dn\u00e9 rodiny, ale i syst\u00e9mu, nemus\u00edm snad ani zmi\u0148ovat.&nbsp;<\/p>\n\n\n\n<p>Za m\u011b je poporodn\u00ed p\u00e9\u010de n\u011bco, co n\u00e1m v syst\u00e9mu kriticky chyb\u00ed, a kdy\u017e si te\u010f l\u00e1meme hlavy, pro\u010d \u017eeny tak m\u00e1lo rod\u00ed, mohli bychom se zamyslet i nad t\u00edm, jakou p\u00e9\u010di jim v tomto obdob\u00ed vlastn\u011b poskytujeme.&nbsp;<\/p>\n\n\n\n<p>Ano, technicky by tuto p\u00e9\u010di mohly m\u00edt u\u017e te\u010f, ale pouze za p\u0159edpokladu, \u017ee to ony budou ty aktivn\u00ed. \u017de si ide\u00e1ln\u011b dop\u0159edu za\u0159\u00edd\u00ed \u017e\u00e1danku od sv\u00e9ho l\u00e9ka\u0159e nebo \u017ee si p\u016fjdou t\u011bch p\u00e1r dn\u00ed po porodu, kdy jim te\u010de v\u0161ude ml\u00e9ko, kalhotkami prosakuje krev, jsou nevyspal\u00e9, v\u0161echno je bol\u00ed a n\u011bco je zjevn\u011b tr\u00e1p\u00ed, tak \u017ee si v takovou chv\u00edli pojedou sednout n\u011bkam do \u010dek\u00e1rny ambulance a tam si \u0159eknou o \u017e\u00e1danku, aby pak mohly sh\u00e1n\u011bt porodn\u00ed asistentku, co k nim p\u0159ijede dom\u016f.&nbsp;<\/p>\n\n\n\n<p>M\u011b osobn\u011b to ned\u00e1v\u00e1 smysl, a proto tu dnes jsem a \u017e\u00e1d\u00e1m v\u00e1s, abyste u\u010dinili ve\u0161ker\u00e9 mo\u017en\u00e9 kroky k tomu, aby se poporodn\u00ed p\u00e9\u010de porodn\u00ed asistentky pro \u017eeny stala dostupn\u011bj\u0161\u00ed.&nbsp;<\/p>\n\n\n\n<p>D\u011bkuji za pozornost.<\/p>\n","protected":false},"excerpt":{"rendered":"<p>P\u0159epis vystoupen\u00ed porodn\u00ed asistentky Veroniky Ha\u017elinsk\u00e9 na sen\u00e1tn\u00edm V\u00fdboru pro zdravotnictv\u00ed dne 3. \u010dervna 2025 Z\u00c1ZNAM V\u00e1\u017een\u00fd pane p\u0159edsedo, pane minist\u0159e,&nbsp; v\u00e1\u017een\u00e9 sen\u00e1torky, v\u00e1\u017een\u00ed sen\u00e1to\u0159i, d\u011bkuji, \u017ee jsem dostala prostor zde promluvit. M\u00e9 jm\u00e9no je Veronika Ha\u017elinsk\u00e1 a dnes tu p\u0159ed v\u00e1mi stoj\u00edm nebo sp\u00ed\u0161e sed\u00edm jako porodn\u00ed asistentka, ale i jako \u017eena a m\u00e1ma &hellip;<\/p>\n<p class=\"read-more\"> <a class=\"\" href=\"https:\/\/chcisvojiporodniasistentku.cz\/index.php\/vyzva-senatorkam-a-senatorum\/\"> <span class=\"screen-reader-text\">V\u00fdzva sen\u00e1tork\u00e1m a sen\u00e1tor\u016fm<\/span> Pokra\u010dovat ve \u010dten\u00ed &raquo;<\/a><\/p>\n","protected":false},"author":3,"featured_media":0,"parent":0,"menu_order":0,"comment_status":"closed","ping_status":"closed","template":"","meta":{"_uag_custom_page_level_css":"","site-sidebar-layout":"default","site-content-layout":"default","ast-global-header-display":"","ast-main-header-display":"","ast-hfb-above-header-display":"","ast-hfb-below-header-display":"","ast-hfb-mobile-header-display":"","site-post-title":"","ast-breadcrumbs-content":"","ast-featured-img":"","footer-sml-layout":"","theme-transparent-header-meta":"","adv-header-id-meta":"","stick-header-meta":"","header-above-stick-meta":"","header-main-stick-meta":"","header-below-stick-meta":"","footnotes":""},"class_list":["post-454","page","type-page","status-publish","hentry"],"uagb_featured_image_src":{"full":false,"thumbnail":false,"medium":false,"medium_large":false,"large":false,"1536x1536":false,"2048x2048":false},"uagb_author_info":{"display_name":"Veronika Ha\u017elinsk\u00e1","author_link":"https:\/\/chcisvojiporodniasistentku.cz\/index.php\/author\/veru\/"},"uagb_comment_info":0,"uagb_excerpt":"P\u0159epis vystoupen\u00ed porodn\u00ed asistentky Veroniky Ha\u017elinsk\u00e9 na sen\u00e1tn\u00edm V\u00fdboru pro zdravotnictv\u00ed dne 3. \u010dervna 2025 Z\u00c1ZNAM V\u00e1\u017een\u00fd pane p\u0159edsedo, pane minist\u0159e,&nbsp; v\u00e1\u017een\u00e9 sen\u00e1torky, v\u00e1\u017een\u00ed sen\u00e1to\u0159i, d\u011bkuji, \u017ee jsem dostala prostor zde promluvit. M\u00e9 jm\u00e9no je Veronika Ha\u017elinsk\u00e1 a dnes tu p\u0159ed v\u00e1mi stoj\u00edm nebo sp\u00ed\u0161e sed\u00edm jako porodn\u00ed asistentka, ale i jako \u017eena a m\u00e1ma&hellip;","_links":{"self":[{"href":"https:\/\/chcisvojiporodniasistentku.cz\/index.php\/wp-json\/wp\/v2\/pages\/454","targetHints":{"allow":["GET"]}}],"collection":[{"href":"https:\/\/chcisvojiporodniasistentku.cz\/index.php\/wp-json\/wp\/v2\/pages"}],"about":[{"href":"https:\/\/chcisvojiporodniasistentku.cz\/index.php\/wp-json\/wp\/v2\/types\/page"}],"author":[{"embeddable":true,"href":"https:\/\/chcisvojiporodniasistentku.cz\/index.php\/wp-json\/wp\/v2\/users\/3"}],"replies":[{"embeddable":true,"href":"https:\/\/chcisvojiporodniasistentku.cz\/index.php\/wp-json\/wp\/v2\/comments?post=454"}],"version-history":[{"count":1,"href":"https:\/\/chcisvojiporodniasistentku.cz\/index.php\/wp-json\/wp\/v2\/pages\/454\/revisions"}],"predecessor-version":[{"id":455,"href":"https:\/\/chcisvojiporodniasistentku.cz\/index.php\/wp-json\/wp\/v2\/pages\/454\/revisions\/455"}],"wp:attachment":[{"href":"https:\/\/chcisvojiporodniasistentku.cz\/index.php\/wp-json\/wp\/v2\/media?parent=454"}],"curies":[{"name":"wp","href":"https:\/\/api.w.org\/{rel}","templated":true}]}}