{"id":410,"date":"2025-02-17T14:45:59","date_gmt":"2025-02-17T13:45:59","guid":{"rendered":"https:\/\/chcisvojiporodniasistentku.cz\/?page_id=410"},"modified":"2025-02-17T15:38:22","modified_gmt":"2025-02-17T14:38:22","slug":"zasady-ochrany-osobnich-udaju","status":"publish","type":"page","link":"https:\/\/chcisvojiporodniasistentku.cz\/index.php\/zasady-ochrany-osobnich-udaju\/","title":{"rendered":"Z\u00e1sady ochrany osobn\u00edch \u00fadaj\u016f"},"content":{"rendered":"\n<p><strong>I.<\/strong> <strong>Z\u00e1kladn\u00ed ustanoven\u00ed<\/strong><\/p>\n\n\n\n<ol class=\"wp-block-list\">\n<li>Spr\u00e1vcem osobn\u00edch \u00fadaj\u016f podle \u010dl. 4 bod 7 na\u0159\u00edzen\u00ed Evropsk\u00e9ho parlamentu a Rady (EU) 2016\/679 o ochran\u011b fyzick\u00fdch osob v souvislosti se zpracov\u00e1n\u00edm osobn\u00edch \u00fadaj\u016f a o voln\u00e9m pohybu t\u011bchto \u00fadaj\u016f (d\u00e1le jen: \u201e<strong>GDPR<\/strong>\u201d) je <strong>Veronika Ha\u017elinsk\u00e1<\/strong>. (d\u00e1le jen: \u201e<strong>spr\u00e1vce<\/strong>\u201c).<\/li>\n\n\n\n<li><a href=\"https:\/\/chcisvojiporodniasistentku.cz\/index.php\/kontakt\/\" data-type=\"page\" data-id=\"18\">Kontaktn\u00ed \u00fadaje spr\u00e1vce jsou zde<\/a>.<\/li>\n\n\n\n<li>Osobn\u00edmi \u00fadaji se rozum\u00ed ve\u0161ker\u00e9 informace o identifikovan\u00e9 nebo identifikovateln\u00e9 fyzick\u00e9 osob\u011b; identifikovatelnou fyzickou osobou je fyzick\u00e1 osoba, kterou lze p\u0159\u00edmo \u010di nep\u0159\u00edmo identifikovat, zejm\u00e9na odkazem na ur\u010dit\u00fd identifik\u00e1tor, nap\u0159\u00edklad jm\u00e9no, identifika\u010dn\u00ed \u010d\u00edslo, loka\u010dn\u00ed \u00fadaje, s\u00ed\u0165ov\u00fd identifik\u00e1tor nebo na jeden \u010di v\u00edce zvl\u00e1\u0161tn\u00edch prvk\u016f fyzick\u00e9, fyziologick\u00e9, genetick\u00e9, psychick\u00e9, ekonomick\u00e9, kulturn\u00ed nebo spole\u010densk\u00e9 identity t\u00e9to fyzick\u00e9 osoby.<\/li>\n\n\n\n<li>Spr\u00e1vce nejmenoval.<\/li>\n<\/ol>\n\n\n\n<p><strong>II.<\/strong> <strong>Zdroje a kategorie zpracov\u00e1van\u00fdch osobn\u00edch \u00fadaj\u016f<\/strong><\/p>\n\n\n\n<ol class=\"wp-block-list\">\n<li>Spr\u00e1vce zpracov\u00e1v\u00e1 osobn\u00ed \u00fadaje, kter\u00e9 jste mu poskytl\/a.<\/li>\n\n\n\n<li>Spr\u00e1vce zpracov\u00e1v\u00e1 Va\u0161e identifika\u010dn\u00ed a kontaktn\u00ed \u00fadaje nezbytn\u00e9 pro \u00fa\u010del vyj\u00e1d\u0159en\u00ed podpory v\u00fdzvy \u201eChci svoji porodn\u00ed asistentku\u201c (d\u00e1le jen \u201e<strong>v\u00fdzva<\/strong>\u201c).<\/li>\n<\/ol>\n\n\n\n<p><strong>III.<\/strong> <strong>Z\u00e1konn\u00fd d\u016fvod a \u00fa\u010del zpracov\u00e1n\u00ed osobn\u00edch \u00fadaj\u016f<\/strong><\/p>\n\n\n\n<ol class=\"wp-block-list\">\n<li>Z\u00e1konn\u00fdm d\u016fvodem zpracov\u00e1n\u00ed osobn\u00edch \u00fadaj\u016f je<\/li>\n<\/ol>\n\n\n\n<ul class=\"wp-block-list\">\n<li>Opr\u00e1vn\u011bn\u00fd z\u00e1jem spr\u00e1vce jeho\u017e \u00fa\u010delem je prezentace podpory pro v\u00fdzvu.<\/li>\n<\/ul>\n\n\n\n<ol start=\"2\" class=\"wp-block-list\">\n<li>\u00da\u010delem zpracov\u00e1n\u00ed osobn\u00edch \u00fadaj\u016f je<\/li>\n<\/ol>\n\n\n\n<ul class=\"wp-block-list\">\n<li>Prezentace podpory ve\u0159ejnosti pro v\u00fdzvu.<\/li>\n<\/ul>\n\n\n\n<ol start=\"3\" class=\"wp-block-list\">\n<li>Ze strany spr\u00e1vce nedoch\u00e1z\u00ed k automatick\u00e9mu individu\u00e1ln\u00edmu rozhodov\u00e1n\u00ed ve&nbsp;smyslu \u010dl. 22 GDPR.<\/li>\n<\/ol>\n\n\n\n<p><strong>IV.<\/strong> <strong>Doba uchov\u00e1v\u00e1n\u00ed \u00fadaj\u016f<\/strong><\/p>\n\n\n\n<ol class=\"wp-block-list\">\n<li>Spr\u00e1vce uchov\u00e1v\u00e1 osobn\u00ed \u00fadaje<\/li>\n<\/ol>\n\n\n\n<ul class=\"wp-block-list\">\n<li>Po dobu nezbytnou k pln\u011bn\u00ed \u00fa\u010delu, tedy po dobu, po kterou bude v\u00fdzva aktu\u00e1ln\u00ed a ve\u0159ejn\u011b prezentovan\u00e1.<\/li>\n\n\n\n<li>Po dobu, ne\u017e je odvol\u00e1n souhlas se zpracov\u00e1n\u00edm osobn\u00edch \u00fadaj\u016f.<\/li>\n<\/ul>\n\n\n\n<ol start=\"2\" class=\"wp-block-list\">\n<li>Po uplynut\u00ed doby uchov\u00e1v\u00e1n\u00ed osobn\u00edch \u00fadaj\u016f spr\u00e1vce osobn\u00ed \u00fadaje vyma\u017ee.<\/li>\n<\/ol>\n\n\n\n<p><strong>V.<\/strong> <strong>P\u0159\u00edjemci osobn\u00edch \u00fadaj\u016f (subdodavatel\u00e9 spr\u00e1vce)<\/strong><\/p>\n\n\n\n<ol class=\"wp-block-list\">\n<li>Spr\u00e1vce neposkytuje zpracov\u00e1van\u00e9 osobn\u00ed \u00fadaje \u017e\u00e1dn\u00fdm dal\u0161\u00edm p\u0159\u00edjemc\u016fm.<\/li>\n\n\n\n<li>Spr\u00e1vce nem\u00e1 v \u00famyslu p\u0159edat osobn\u00ed \u00fadaje do t\u0159et\u00ed zem\u011b (do zem\u011b mimo EU) nebo mezin\u00e1rodn\u00ed organizaci.<\/li>\n<\/ol>\n\n\n\n<p><strong>VI.<\/strong> <strong>Va\u0161e pr\u00e1va<\/strong><\/p>\n\n\n\n<ol class=\"wp-block-list\">\n<li>Za podm\u00ednek stanoven\u00fdch v&nbsp;GDPR m\u00e1te:<\/li>\n<\/ol>\n\n\n\n<ul class=\"wp-block-list\">\n<li>pr\u00e1vo na p\u0159\u00edstup ke sv\u00fdm osobn\u00edm \u00fadaj\u016fm dle \u010dl. 15 GDPR,<\/li>\n\n\n\n<li>pr\u00e1vo opravu osobn\u00edch \u00fadaj\u016f dle \u010dl. 16 GDPR, pop\u0159\u00edpad\u011b omezen\u00ed zpracov\u00e1n\u00ed dle \u010dl. 18 GDPR.<\/li>\n\n\n\n<li>pr\u00e1vo na v\u00fdmaz osobn\u00edch \u00fadaj\u016f dle \u010dl. 17 GDPR.<\/li>\n\n\n\n<li>pr\u00e1vo vzn\u00e9st n\u00e1mitku proti zpracov\u00e1n\u00ed dle \u010dl. 21 GDPR a<\/li>\n\n\n\n<li>pr\u00e1vo na p\u0159enositelnost \u00fadaj\u016f dle \u010dl. 20 GDPR.<\/li>\n\n\n\n<li>pr\u00e1vo odvolat souhlas se zpracov\u00e1n\u00edm p\u00edsemn\u011b nebo elektronicky na adresu nebo email spr\u00e1vce uveden\u00fd v&nbsp;\u010dl. III t\u011bchto podm\u00ednek.<\/li>\n<\/ul>\n\n\n\n<ol start=\"2\" class=\"wp-block-list\">\n<li>D\u00e1le m\u00e1te pr\u00e1vo podat st\u00ed\u017enost u \u00da\u0159adu pro ochranu osobn\u00edch \u00fadaj\u016f v p\u0159\u00edpad\u011b, \u017ee se domn\u00edv\u00e1te, \u017ee bylo poru\u0161eno Va\u0161\u00ed pr\u00e1vo na ochranu osobn\u00edch \u00fadaj\u016f.<\/li>\n<\/ol>\n\n\n\n<p><strong>VII.<\/strong> <strong>Podm\u00ednky zabezpe\u010den\u00ed osobn\u00edch \u00fadaj\u016f<\/strong><\/p>\n\n\n\n<ol class=\"wp-block-list\">\n<li>Spr\u00e1vce prohla\u0161uje, \u017ee p\u0159ijal ve\u0161ker\u00e1 vhodn\u00e1 technick\u00e1 a organiza\u010dn\u00ed opat\u0159en\u00ed k&nbsp;zabezpe\u010den\u00ed osobn\u00edch \u00fadaj\u016f.<\/li>\n\n\n\n<li>Spr\u00e1vce p\u0159ijal technick\u00e1 opat\u0159en\u00ed k&nbsp;zabezpe\u010den\u00ed datov\u00fdch \u00falo\u017ei\u0161\u0165 a \u00falo\u017ei\u0161\u0165 osobn\u00edch \u00fadaj\u016f v&nbsp;listinn\u00e9 podob\u011b.<\/li>\n\n\n\n<li>Spr\u00e1vce prohla\u0161uje, \u017ee k&nbsp;osobn\u00edm \u00fadaj\u016fm maj\u00ed p\u0159\u00edstup pouze j\u00edm pov\u011b\u0159en\u00e9 osoby.<\/li>\n<\/ol>\n\n\n\n<p><strong>VIII.<\/strong> <strong>Z\u00e1v\u011bre\u010dn\u00e1 ustanoven\u00ed<\/strong><\/p>\n\n\n\n<ol class=\"wp-block-list\">\n<li>Vypln\u011bn\u00edm a odesl\u00e1n\u00edm formul\u00e1\u0159e pro p\u0159ipojen\u00ed se k v\u00fdzv\u011b souhlas\u00edte se zpracov\u00e1n\u00edm uveden\u00fdch osobn\u00edch \u00fadaj\u016f. .<\/li>\n\n\n\n<li>S&nbsp;t\u011bmito podm\u00ednkami souhlas\u00edte vypln\u011bn\u00edm a odesl\u00e1n\u00edm formul\u00e1\u0159e a potvrzujete, \u017ee jste sezn\u00e1men\/a s podm\u00ednkami ochrany osobn\u00edch \u00fadaj\u016f a \u017ee je v cel\u00e9m rozsahu p\u0159ij\u00edm\u00e1te.<\/li>\n<\/ol>\n\n\n\n<p><\/p>\n","protected":false},"excerpt":{"rendered":"<p>I. Z\u00e1kladn\u00ed ustanoven\u00ed II. Zdroje a kategorie zpracov\u00e1van\u00fdch osobn\u00edch \u00fadaj\u016f III. Z\u00e1konn\u00fd d\u016fvod a \u00fa\u010del zpracov\u00e1n\u00ed osobn\u00edch \u00fadaj\u016f IV. Doba uchov\u00e1v\u00e1n\u00ed \u00fadaj\u016f V. P\u0159\u00edjemci osobn\u00edch \u00fadaj\u016f (subdodavatel\u00e9 spr\u00e1vce) VI. Va\u0161e pr\u00e1va VII. Podm\u00ednky zabezpe\u010den\u00ed osobn\u00edch \u00fadaj\u016f VIII. Z\u00e1v\u011bre\u010dn\u00e1 ustanoven\u00ed<\/p>\n","protected":false},"author":2,"featured_media":0,"parent":0,"menu_order":0,"comment_status":"closed","ping_status":"closed","template":"","meta":{"_uag_custom_page_level_css":"","site-sidebar-layout":"default","site-content-layout":"default","ast-global-header-display":"","ast-main-header-display":"","ast-hfb-above-header-display":"","ast-hfb-below-header-display":"","ast-hfb-mobile-header-display":"","site-post-title":"","ast-breadcrumbs-content":"","ast-featured-img":"","footer-sml-layout":"","theme-transparent-header-meta":"","adv-header-id-meta":"","stick-header-meta":"","header-above-stick-meta":"","header-main-stick-meta":"","header-below-stick-meta":"","footnotes":""},"class_list":["post-410","page","type-page","status-publish","hentry"],"uagb_featured_image_src":{"full":false,"thumbnail":false,"medium":false,"medium_large":false,"large":false,"1536x1536":false,"2048x2048":false},"uagb_author_info":{"display_name":"Michal Ha\u017elinsk\u00fd","author_link":"https:\/\/chcisvojiporodniasistentku.cz\/index.php\/author\/ares\/"},"uagb_comment_info":0,"uagb_excerpt":"I. Z\u00e1kladn\u00ed ustanoven\u00ed II. Zdroje a kategorie zpracov\u00e1van\u00fdch osobn\u00edch \u00fadaj\u016f III. Z\u00e1konn\u00fd d\u016fvod a \u00fa\u010del zpracov\u00e1n\u00ed osobn\u00edch \u00fadaj\u016f IV. Doba uchov\u00e1v\u00e1n\u00ed \u00fadaj\u016f V. P\u0159\u00edjemci osobn\u00edch \u00fadaj\u016f (subdodavatel\u00e9 spr\u00e1vce) VI. Va\u0161e pr\u00e1va VII. Podm\u00ednky zabezpe\u010den\u00ed osobn\u00edch \u00fadaj\u016f VIII. Z\u00e1v\u011bre\u010dn\u00e1 ustanoven\u00ed","_links":{"self":[{"href":"https:\/\/chcisvojiporodniasistentku.cz\/index.php\/wp-json\/wp\/v2\/pages\/410","targetHints":{"allow":["GET"]}}],"collection":[{"href":"https:\/\/chcisvojiporodniasistentku.cz\/index.php\/wp-json\/wp\/v2\/pages"}],"about":[{"href":"https:\/\/chcisvojiporodniasistentku.cz\/index.php\/wp-json\/wp\/v2\/types\/page"}],"author":[{"embeddable":true,"href":"https:\/\/chcisvojiporodniasistentku.cz\/index.php\/wp-json\/wp\/v2\/users\/2"}],"replies":[{"embeddable":true,"href":"https:\/\/chcisvojiporodniasistentku.cz\/index.php\/wp-json\/wp\/v2\/comments?post=410"}],"version-history":[{"count":3,"href":"https:\/\/chcisvojiporodniasistentku.cz\/index.php\/wp-json\/wp\/v2\/pages\/410\/revisions"}],"predecessor-version":[{"id":415,"href":"https:\/\/chcisvojiporodniasistentku.cz\/index.php\/wp-json\/wp\/v2\/pages\/410\/revisions\/415"}],"wp:attachment":[{"href":"https:\/\/chcisvojiporodniasistentku.cz\/index.php\/wp-json\/wp\/v2\/media?parent=410"}],"curies":[{"name":"wp","href":"https:\/\/api.w.org\/{rel}","templated":true}]}}