{"id":205,"date":"2023-02-01T22:29:13","date_gmt":"2023-02-01T21:29:13","guid":{"rendered":"https:\/\/chcisvojiporodniasistentku.cz\/?page_id=205"},"modified":"2025-02-15T21:42:42","modified_gmt":"2025-02-15T20:42:42","slug":"ot-dopis","status":"publish","type":"page","link":"https:\/\/chcisvojiporodniasistentku.cz\/index.php\/ot-dopis\/","title":{"rendered":"Otev\u0159en\u00fd dopis"},"content":{"rendered":"\n<h2 class=\"wp-block-heading\">Otev\u0159en\u00fd dopis \u010dlen\u016fm poslaneck\u00e9ho V\u00fdboru pro zdravotnictv\u00ed<\/h2>\n\n\n\n<p>V\u00e1\u017een\u00e9 poslankyn\u011b, v\u00e1\u017een\u00ed poslanci,<\/p>\n\n\n\n<p>tento dopis je ur\u010den\u00fd V\u00e1m v\u0161em v poslaneck\u00e9m V\u00fdboru pro zdravotnictv\u00ed. Je V\u00e1m adresov\u00e1n, proto\u017ee budete v&nbsp;n\u00e1sleduj\u00edc\u00edch dnech op\u011btovn\u011b projedn\u00e1vat novelu z\u00e1kona \u010d. 48\/1997 Sb., o ve\u0159ejn\u00e9m zdravotn\u00edm poji\u0161t\u011bn\u00ed, a spole\u010dn\u011b s&nbsp;n\u00edm i jeden z&nbsp;pozm\u011b\u0148ovac\u00edch n\u00e1vrh\u016f, kter\u00fd se t\u00fdk\u00e1 porodn\u00edch asistentek.<\/p>\n\n\n\n<p>Pozm\u011b\u0148ovac\u00ed n\u00e1vrh, kter\u00fd p\u0159edlo\u017eila poslankyn\u011b PhDr. Olga Richterov\u00e1, Ph.D. (Pir\u00e1ti) zjednodu\u0161uje syst\u00e9m \u00fahrady p\u00e9\u010de porodn\u00ed asistentky z&nbsp;ve\u0159ejn\u00e9ho zdravotn\u00edho poji\u0161t\u011bn\u00ed, a t\u00edm zlep\u0161uje dostupnost t\u00e9to p\u00e9\u010de v\u0161em \u017een\u00e1m. Je to dal\u0161\u00ed krok k&nbsp;tomu, aby porodn\u00ed asistentky mohly o \u017eeny a d\u011bti l\u00e9pe pe\u010dovat a aby do\u0161lo k odleh\u010den\u00ed p\u0159et\u00ed\u017een\u00e9ho zdravotnick\u00e9ho syst\u00e9mu.<\/p>\n\n\n\n<p>\u017deny v&nbsp;\u0161estined\u011bl\u00ed jsou toti\u017e v&nbsp;sou\u010dasn\u00e9 dob\u011b a\u017e na v\u00fdjimky ponechan\u00e9 bez syst\u00e9mov\u00e9 p\u00e9\u010de. \u0160estined\u011bl\u00ed je obdob\u00ed velk\u00fdch zm\u011bn, jak t\u011blesn\u00fdch, tak i psychick\u00fdch. Porodn\u00ed asistentka je vystudovan\u00fd zdravotnick\u00fd odborn\u00edk na p\u00e9\u010di o \u017eenu i d\u00edt\u011b v&nbsp;tomto obdob\u00ed a jej\u00ed p\u00e9\u010de m\u016f\u017ee pozitivn\u011b ovlivnit \u017eenino zdrav\u00ed. Bohu\u017eel p\u00e9\u010de porodn\u00ed asistentky ve v\u011bt\u0161in\u011b p\u0159\u00edpad\u016f nen\u00ed hrazen\u00e1 z&nbsp;ve\u0159ejn\u00e9ho zdravotn\u00edho poji\u0161t\u011bn\u00ed, a to i p\u0159es to, \u017ee jsou stanoveny v\u00fdkony, kter\u00e9 by porodn\u00ed asistentka mohla vyk\u00e1zat. L\u00e9ka\u0159i tuto p\u00e9\u010di neindikuj\u00ed a porodn\u00edch asistentek, kter\u00e9 maj\u00ed smlouvu se zdravotn\u00ed&nbsp;poji\u0161\u0165ovnou, aby tyto slu\u017eby mohly poskytovat, je m\u00e1lo. Komunitn\u00ed poporodn\u00ed p\u00e9\u010de nen\u00ed nyn\u00ed nastaven\u00e1 tak, aby re\u00e1ln\u011b fungovala. To bychom cht\u011bli zm\u011bnit.<\/p>\n\n\n\n<p>V&nbsp;\u010cesk\u00e9 republice nem\u00e1me k&nbsp;t\u00e9to problematice mnoho dat. M\u00e1me ale nespo\u010det p\u0159\u00edb\u011bh\u016f \u017een, kter\u00e9 se v&nbsp;dne\u0161n\u00ed dob\u011b propojuj\u00ed online. A tyto \u017eeny volaj\u00ed po zaji\u0161t\u011bn\u00ed p\u00e9\u010de v&nbsp;\u0161estined\u011bl\u00ed. P\u0159ikl\u00e1d\u00e1m v\u00e1m \u00faryvky z&nbsp;n\u011bkter\u00fdch jejich p\u0159\u00edb\u011bh\u016f, abyste si mohli situaci re\u00e1ln\u011b p\u0159edstavit.<\/p>\n\n\n\n<p>Jako prvn\u00ed bych r\u00e1da pouk\u00e1zala na to, jak je syst\u00e9mov\u011b (ne)zaji\u0161t\u011bn\u00e1 pomoc s&nbsp;kojen\u00edm. V&nbsp;n\u011bkter\u00fdch porodnic\u00edch nab\u00edz\u00ed \u017een\u00e1m zdarma ambulantn\u00ed lakta\u010dn\u00ed poradenstv\u00ed, ale rozhodn\u011b to nen\u00ed pravidlem. P\u0159ibli\u017en\u011b ka\u017ed\u00e1 druh\u00e1 \u017eena se pot\u00fdk\u00e1 s&nbsp;men\u0161\u00edmi \u010di v\u011bt\u0161\u00edmi probl\u00e9my s&nbsp;kojen\u00edm. V&nbsp;\u0161estined\u011bl\u00ed nen\u00ed zaji\u0161t\u011bn\u00e1 \u017e\u00e1dn\u00e1 syst\u00e9mov\u00e1 p\u00e9\u010de a to i p\u0159esto, \u017ee prosp\u011b\u0161nost kojen\u00ed pro zdrav\u00ed d\u00edt\u011bte i matky je jasn\u011b prok\u00e1zan\u00e1. Je \u017e\u00e1douc\u00ed, aby \u017eena m\u011bla zaji\u0161t\u011bnou pomoc s&nbsp;kojen\u00edm, a to obzvl\u00e1\u0161\u0165 v&nbsp;p\u0159\u00edpad\u011b, kdy si sama nem\u016f\u017ee dovolit financovat slu\u017eby soukrom\u00e9 porodn\u00ed asistentky nebo lakta\u010dn\u00ed poradkyn\u011b.<\/p>\n\n\n\n<p class=\"has-text-align-center has-text-color\" style=\"color:#3f6f9f\">\u201e\u2026<em>3. den retence, z\u00e1n\u011bt, o\u010distec. Jak\u00e1koliv rada placen\u00e1, v\u00e1hala jsem a\u017e do chv\u00edle, kdy bylo pozd\u011b. M\u011bla jsem u\u017e na pam\u011bti investici do porodn\u00ed asistentky (10.000K\u010d) a v\u0161ude se psalo, \u017ee kojen\u00ed je nejp\u0159irozen\u011bj\u0161\u00ed a nejintuitivn\u011bj\u0161\u00ed v\u011bc mezi m\u00e1mou a d\u00edt\u011btem, tak jsem si \u0159\u00edkala, \u017ee to chce \u010das a bylo by hloup\u00e9 br\u00e1t z rodinn\u00e9ho rozpo\u010dtu dal\u0161\u00ed pen\u00edze.\u201c<\/em><\/p>\n\n\n\n<p>V&nbsp;roce 2019 prov\u00e1d\u011bl STEM pro Ministerstvo zdravotnictv\u00ed mezi \u017eenami v\u00fdzkum o porodech, kojen\u00ed a o\u010dkov\u00e1n\u00ed. Jedna ot\u00e1zka byla zam\u011b\u0159en\u00e1 na to, jestli by si \u017eeny pozvaly dom\u016f lakta\u010dn\u00ed poradkyni, kdyby o t\u00e9 mo\u017enosti v\u011bd\u011bly. 62 % dotazovan\u00fdch odpov\u011bd\u011blo kladn\u011b. Ot\u00e1zkou je, pro\u010d by \u017eeny m\u011bly b\u00fdt zat\u011b\u017eov\u00e1ny dal\u0161\u00edmi nemal\u00fdmi v\u00fddaji za lakta\u010dn\u00ed poradenstv\u00ed, kdy\u017e poradenstv\u00ed ohledn\u011b kojen\u00ed m\u016f\u017ee minim\u00e1ln\u011b na po\u010d\u00e1tku obstarat porodn\u00ed asistentka p\u0159i poporodn\u00ed n\u00e1v\u0161t\u011bv\u011b.<\/p>\n\n\n\n<p>Dal\u0161\u00edm argumentem pro podporu p\u00e9\u010de porodn\u00ed asistentky po porodu je aktu\u00e1ln\u00ed nedostupn\u00e1 p\u00e9\u010de po ambulantn\u00edch porodech (odchod z&nbsp;porodnice d\u0159\u00edve ne\u017e 72 hodin po porodu). Jde o obdob\u00ed, kdy existuje zv\u00fd\u0161en\u00e9 riziko komplikac\u00ed, a je tedy \u017e\u00e1douc\u00ed zajistit dohled nad \u017eenou a d\u00edt\u011btem. Tak\u00e9 je to \u010dasov\u00e9 okno pro n\u011bkter\u00e1 vy\u0161et\u0159en\u00ed, jako je nap\u0159. screening metabolick\u00fdch vad novorozence, pro kter\u00fd je pot\u0159eba nabrat krev z&nbsp;pati\u010dky. Zaji\u0161t\u011bn\u00ed tohoto v\u00fdkonu b\u00fdv\u00e1 n\u011bkdy pro \u017eeny problematick\u00e9, proto\u017ee nen\u00ed jasn\u011b stanoveno, kdo odb\u011br v&nbsp;p\u0159\u00edpad\u011b odchodu z&nbsp;porodnice prov\u00e1d\u00ed.<\/p>\n\n\n\n<p class=\"has-text-align-center has-text-color\" style=\"color:#3f6f9f\">\u201e<em>J\u00e1 m\u011bla probl\u00e9m, kdy\u017e jsem \u0161la z porodnice domu na ambulantn\u00ed porod, a m\u011bla jsem jen dulu, ne porodn\u00ed asistentku, kter\u00e1 by provedla citliv\u011b v prost\u0159ed\u00ed domova odb\u011br z pati\u010dky. Museli jsme k pediat\u0159e, je\u0161t\u011b jsme si sami museli sehnat pap\u00edrky.\u201c<\/em><\/p>\n\n\n\n<p>Op\u011bt se jedn\u00e1 o \u00fakon, ke kter\u00e9mu je porodn\u00ed asistentka kompetentn\u00ed a je to \u00fakon provediteln\u00fd mimo prost\u0159ed\u00ed nemocnice. Ambulantn\u00ed porody jsou mimo jin\u00e9 v sou\u010dasn\u00e9&nbsp;epidemiologick\u00e9 situaci n\u00e1strojem, jak zkr\u00e1tit dobu hospitalizace u \u017een a novorozenc\u016f, u kter\u00fdch prob\u00edh\u00e1 bezprobl\u00e9mov\u00e9 \u0161estined\u011bl\u00ed a minimalizuje se tak u nich mo\u017enost n\u00e1kazy Covid-19.<\/p>\n\n\n\n<p>Zat\u00edmco p\u0159edchoz\u00ed argument se zab\u00fdval \u017eenami p\u0159edev\u0161\u00edm po vagin\u00e1ln\u00edch porodech, v&nbsp;\u010cesk\u00e9 republice je i nemal\u00fd po\u010det \u017een, kter\u00e9 d\u00edt\u011b p\u0159ivedou na sv\u011bt c\u00edsa\u0159sk\u00fdm \u0159ezem (25 %). A\u010d je c\u00edsa\u0159sk\u00fd \u0159ez porodem, jedn\u00e1 se z\u00e1rove\u0148 i o velkou b\u0159i\u0161n\u00ed operaci. Na rekonvalescenci \u017eena nem\u00e1 moc \u010dasu, mus\u00ed se zvl\u00e1dnout starat o sebe i o sv\u00e9 d\u00edt\u011b. A n\u011bkdy je to po propu\u0161t\u011bn\u00ed z&nbsp;porodnice opravdu obt\u00ed\u017en\u00e9 &#8211; \u017eeny maj\u00ed bolesti, pot\u0159ebovaly by v&nbsp;klidu odpo\u010d\u00edvat. Nam\u00edsto toho mus\u00ed jet s&nbsp;d\u00edt\u011btem na kontrolu k&nbsp;pediatrovi. Pokud \u017eena nem\u00e1 dobr\u00e9 rodinn\u00e9 z\u00e1zem\u00ed, m\u016f\u017ee i takov\u00fd \u00fakon b\u00fdt nad jej\u00ed s\u00edly. V&nbsp;ide\u00e1ln\u00edm p\u0159\u00edpad\u011b za d\u00edt\u011btem p\u0159ijede na prvn\u00ed kontrolu pediatr dom\u016f. Pediat\u0159i ale dnes b\u00fdvaj\u00ed p\u0159et\u00ed\u017een\u00ed a je pochopiteln\u00e9, \u017ee n\u011bkte\u0159\u00ed z nich n\u00e1v\u0161t\u011bvn\u00ed slu\u017ebu doma z&nbsp;kapacitn\u00edch d\u016fvod\u016f nenab\u00edz\u00ed. I tady je poporodn\u00ed n\u00e1v\u0161t\u011bva porodn\u00ed asistentkou \u0159e\u0161en\u00edm.<\/p>\n\n\n\n<p class=\"has-text-align-center has-text-color\" style=\"color:#3f6f9f\">\u201e<em>Kdy\u017e n\u00e1s pustili dom\u016f, byla jsem po c\u00edsa\u0159i cel\u00e1 bolav\u00e1. Bolav\u00e1, vyd\u011b\u0161en\u00e1 a do toho kontrola miminka do 24 hodin\u2026 Nebyla jsem schopna se dopravit s mal\u00fdm sama\u2026 Kdybych m\u011bla porodn\u00ed asistentku, nemusela bych se v bolestech stresovat cestou k doktorce, mohla bych vy\u0159e\u0161it kojen\u00ed, prost\u011b p\u00e9\u010de by byla doma, ucelen\u00e1 a pod jednou osobou.\u201c<\/em><\/p>\n\n\n\n<p>Dal\u0161\u00edm velmi d\u016fle\u017eit\u00fdm aspektem, kter\u00e9mu nen\u00ed v\u011bnovan\u00e1 dostate\u010dn\u00e1 pozornost, je du\u0161evn\u00ed zdrav\u00ed matek. Odhaduje se, \u017ee 80 % \u017een projde tzv. poporodn\u00edm blues, p\u0159ibli\u017en\u011b 15 % \u017een za\u017eije poporodn\u00ed depresi. A zat\u00edmco s&nbsp;poporodn\u00edm blues se \u017eena v\u011bt\u0161inou zvl\u00e1dne vypo\u0159\u00e1dat nebo obdob\u00ed samo pomine, tak poporodn\u00ed deprese je n\u011bco, co \u017eena u\u017e sama zvl\u00e1dnout nem\u016f\u017ee. Bohu\u017eel identifikovat poporodn\u00ed depresi a \u0159\u00edct si o pomoc zvl\u00e1dne pouze jedna \u010dtvrtina z&nbsp;\u017een, kter\u00e9 se s&nbsp;probl\u00e9my pot\u00fdkaj\u00ed.<\/p>\n\n\n\n<p class=\"has-text-align-center has-text-color\" style=\"color:#3f6f9f\">\u201e<em>J\u00e1 jsem m\u011bla po 1. porodu z\u0159ejm\u011b poporodn\u00ed depresi\u2026 Kamar\u00e1dky jsem t\u00edm zat\u011b\u017eovat necht\u011bla, styd\u011bla jsem se za to, \u017ee nesn\u00e1\u0161\u00edm sv\u00e9 d\u00edt\u011b\u2026 V porodnici bylo v\u0161e hrozn\u011b narychlo, pak jsem byla \u00fazkostn\u00e1, jestli pe\u010duji spr\u00e1vn\u011b\u2026\u201c<\/em><\/p>\n\n\n\n<p>Apeluji tedy na to, aby \u017eeny nez\u016fst\u00e1valy v&nbsp;\u0161estined\u011bl\u00ed bez p\u00e9\u010de a aby byl screening psychick\u00fdch obt\u00ed\u017e\u00ed zahrnut do b\u011b\u017en\u00e9 p\u00e9\u010de o ka\u017edou \u0161estined\u011blku. Psychick\u00e9 probl\u00e9my toti\u017e maj\u00ed tendenci se s&nbsp;\u010dasem prohlubovat, a zat\u00edmco s&nbsp;terapi\u00ed je mo\u017en\u00e9 \u00fapln\u00e9 uzdraven\u00ed, u \u017een bez pomoci nar\u016fst\u00e1 riziko v\u00e1\u017en\u00fdch n\u00e1sledk\u016f.<\/p>\n\n\n\n<p>Dal\u0161\u00edm bodem, kter\u00fd se sice t\u00fdk\u00e1 mal\u00e9, av\u0161ak neopomenuteln\u00e9 skupiny, je p\u00e9\u010de o \u017eeny po porodu mrtv\u00e9ho d\u00edt\u011bte. Ve v\u011bt\u0161in\u011b porodnic je \u017eena po porodu mrtv\u00e9ho d\u00edt\u011bte ulo\u017eena na odd\u011blen\u00ed gynekologie, aby nemusela b\u00fdt na jednom odd\u011blen\u00ed \u010di dokonce pokoji s&nbsp;\u0161estined\u011blkami a&nbsp;d\u011btmi. Bohu\u017eel v&nbsp;n\u011bkter\u00fdch men\u0161\u00edch porodnic\u00edch jsou odd\u011blen\u00ed \u010dasto slou\u010den\u00e1 nebo bl\u00edzko u sebe, co\u017e m\u016f\u017ee z\u00e1rmutek \u017eeny je\u0161t\u011b prohloubit. V t\u011bchto p\u0159\u00edpadech \u017eena pot\u0159ebuje, a m\u011bla by b\u00fdt, se svou rodinou, truchlit spole\u010dn\u011b s&nbsp;nimi, co\u017e ji op\u011bt pobyt v&nbsp;porodnici neumo\u017e\u0148uje. Pro takov\u00e9 \u017eeny by m\u011bla b\u00fdt zaji\u0161t\u011bna p\u00e9\u010de v&nbsp;dom\u00e1c\u00edm prost\u0159ed\u00ed, pokud u nich nen\u00ed indikace k&nbsp;hospitalizaci. Toto by op\u011bt \u0159e\u0161ila p\u00e9\u010de porodn\u00ed asistentky. \u017dena by si u\u017e nemusela vyb\u00edrat mezi t\u00edm, jestli bude moci b\u00fdt doma s rodinou nebo j\u00ed bude poskytov\u00e1na odborn\u00e1 zdravotn\u00ed p\u00e9\u010de.<\/p>\n\n\n\n<p class=\"has-text-align-center has-text-color\" style=\"color:#3f6f9f\">\u201e<em>Ve 40. tt jsem porodila mrtvou hol\u010di\u010dku, v porodnici jsem z\u016fst\u00e1vat necht\u011bla, a tak jsem po dvou hodin\u00e1ch jela dom\u016f\u2026 stahov\u00e1n\u00ed d\u011blohy opravdu bolestiv\u00e9, hoooodn\u011b bolestiv\u00e9\u2026paralen nepom\u00e1hal, vzala jsem si algifen a bylo l\u00e9pe. Jen\u017ee jsem se m\u00e1lem p\u0159ed\u00e1vkovala\u2026 P\u00e9\u010di porodn\u00ed asistentky bych ur\u010dit\u011b ocenila. Na podporu, konzultaci, jakoukoliv pomoc.\u201c<\/em><\/p>\n\n\n\n<p>Argument\u016f pro zm\u011bnu poporodn\u00ed p\u00e9\u010de je mnoho, tento text rozhodn\u011b nen\u00ed kompletn\u00edm v\u00fd\u010dtem. Vzhledem k&nbsp;tomu, se tato problematika ro\u010dn\u011b t\u00fdk\u00e1 v\u00edce jak 100&nbsp;000 \u017een, m\u011bla by j\u00ed rozhodn\u011b b\u00fdt v\u011bnov\u00e1na pozornost.<\/p>\n\n\n\n<p>Cht\u011bla bych V\u00e1s t\u00edmto po\u017e\u00e1dat, abyste pozm\u011b\u0148ovac\u00ed n\u00e1vrh zjednodu\u0161uj\u00edc\u00ed syst\u00e9m \u00fahrad za p\u00e9\u010di porodn\u00ed asistentky podpo\u0159ili nebo abyste p\u0159i\u0161li s&nbsp;vlastn\u00edm n\u00e1vrhem na zlep\u0161en\u00ed sou\u010dasn\u00e9 situace. Ka\u017ed\u00e1 \u017eena si toti\u017e zaslou\u017e\u00ed, aby o ni bylo v&nbsp;\u0161estined\u011bl\u00ed odborn\u011b postar\u00e1no.<\/p>\n\n\n\n<p>D\u011bkuji za V\u00e1\u0161 \u010das.<\/p>\n\n\n\n<p><em>Veronika Ha\u017elinsk\u00e1, <br>zakladatelka iniciativy Chci svoji porodn\u00ed asistentku<\/em><\/p>\n\n\n\n<p><\/p>\n\n\n<h5><strong>K dopisu se p\u0159ipojily:<\/strong><\/h5>\n<p><img loading=\"lazy\" decoding=\"async\" class=\"alignnone wp-image-103\" src=\"http:\/\/chcisvojiporodniasistentku.cz\/wp-content\/uploads\/2021\/05\/51017.jpg\" alt=\"\" width=\"127\" height=\"100\"> <img loading=\"lazy\" decoding=\"async\" class=\"alignnone wp-image-107\" src=\"http:\/\/chcisvojiporodniasistentku.cz\/wp-content\/uploads\/2021\/05\/IMG-4862-300x180.jpg\" alt=\"\" width=\"167\" height=\"100\" srcset=\"https:\/\/chcisvojiporodniasistentku.cz\/wp-content\/uploads\/2021\/05\/IMG-4862-300x180.jpg 300w, https:\/\/chcisvojiporodniasistentku.cz\/wp-content\/uploads\/2021\/05\/IMG-4862-1024x613.jpg 1024w, https:\/\/chcisvojiporodniasistentku.cz\/wp-content\/uploads\/2021\/05\/IMG-4862-768x460.jpg 768w, https:\/\/chcisvojiporodniasistentku.cz\/wp-content\/uploads\/2021\/05\/IMG-4862.jpg 1121w\" sizes=\"auto, (max-width: 167px) 100vw, 167px\" \/> <img loading=\"lazy\" decoding=\"async\" class=\"alignnone wp-image-110\" src=\"http:\/\/chcisvojiporodniasistentku.cz\/wp-content\/uploads\/2021\/05\/UNIPA-logo-CZ-300x100.png\" alt=\"\" width=\"241\" height=\"80\" srcset=\"https:\/\/chcisvojiporodniasistentku.cz\/wp-content\/uploads\/2021\/05\/UNIPA-logo-CZ-300x100.png 300w, https:\/\/chcisvojiporodniasistentku.cz\/wp-content\/uploads\/2021\/05\/UNIPA-logo-CZ.png 400w\" sizes=\"auto, (max-width: 241px) 100vw, 241px\" \/> <img loading=\"lazy\" decoding=\"async\" class=\"alignnone wp-image-121\" src=\"http:\/\/chcisvojiporodniasistentku.cz\/wp-content\/uploads\/2021\/05\/IMG_4897-e1620840714486-300x142.jpg\" alt=\"\" width=\"211\" height=\"100\" srcset=\"https:\/\/chcisvojiporodniasistentku.cz\/wp-content\/uploads\/2021\/05\/IMG_4897-e1620840714486-300x142.jpg 300w, https:\/\/chcisvojiporodniasistentku.cz\/wp-content\/uploads\/2021\/05\/IMG_4897-e1620840714486-768x364.jpg 768w, https:\/\/chcisvojiporodniasistentku.cz\/wp-content\/uploads\/2021\/05\/IMG_4897-e1620840714486.jpg 917w\" sizes=\"auto, (max-width: 211px) 100vw, 211px\" \/><\/p>\n<hr>\n\n\n<div class=\"wp-block-buttons is-layout-flex wp-block-buttons-is-layout-flex\">\n<div class=\"wp-block-button\"><a class=\"wp-block-button__link wp-element-button\" href=\"https:\/\/chcisvojiporodniasistentku.cz\/#podepsat\">Podepsat dopis poslanc\u016fm<\/a><\/div>\n<\/div>\n\n\n\n<p><\/p>\n\n\n<hr>\n\n\n<p>D\u00e1le jsme v kv\u011btnu 2022 zaslali <strong><a href=\"https:\/\/chcisvojiporodniasistentku.cz\/index.php\/otevreny-dopis-ministrovi-zdravotnictvi\/\">otev\u0159en\u00fd dopis ministru zdravotnictv\u00ed<\/a><\/strong>\u00a0pro zaji\u0161t\u011bn\u00ed poporodn\u00ed p\u00e9\u010de. <\/p>\n\n\n\n<p>V roce 2023 jsme reagovali <strong><a href=\"https:\/\/chcisvojiporodniasistentku.cz\/index.php\/otevreny-dopis-ke-stanovisku-cgps-cls-jep\/\">Otev\u0159en\u00fdm dopisem<\/a><\/strong> na prohl\u00e1\u0161en\u00ed \u010cesk\u00e9 Gynekologick\u00e9 a Porodnick\u00e9 Spole\u010dnosti\u00a0\u010cLS JEP, podle kter\u00e9ho je p\u00e9\u010de porodn\u00edch asistentek v dom\u00e1c\u00edm prost\u0159ed\u00ed z\u00e1le\u017eitost\u00ed minul\u00e9ho stolet\u00ed.\u00a0<\/p>\n\n\n\n<p><\/p>\n","protected":false},"excerpt":{"rendered":"<p>Otev\u0159en\u00fd dopis \u010dlen\u016fm poslaneck\u00e9ho V\u00fdboru pro zdravotnictv\u00ed V\u00e1\u017een\u00e9 poslankyn\u011b, v\u00e1\u017een\u00ed poslanci, tento dopis je ur\u010den\u00fd V\u00e1m v\u0161em v poslaneck\u00e9m V\u00fdboru pro zdravotnictv\u00ed. Je V\u00e1m adresov\u00e1n, proto\u017ee budete v&nbsp;n\u00e1sleduj\u00edc\u00edch dnech op\u011btovn\u011b projedn\u00e1vat novelu z\u00e1kona \u010d. 48\/1997 Sb., o ve\u0159ejn\u00e9m zdravotn\u00edm poji\u0161t\u011bn\u00ed, a spole\u010dn\u011b s&nbsp;n\u00edm i jeden z&nbsp;pozm\u011b\u0148ovac\u00edch n\u00e1vrh\u016f, kter\u00fd se t\u00fdk\u00e1 porodn\u00edch asistentek. Pozm\u011b\u0148ovac\u00ed n\u00e1vrh, kter\u00fd &hellip;<\/p>\n<p class=\"read-more\"> <a class=\"\" href=\"https:\/\/chcisvojiporodniasistentku.cz\/index.php\/ot-dopis\/\"> <span class=\"screen-reader-text\">Otev\u0159en\u00fd dopis<\/span> Pokra\u010dovat ve \u010dten\u00ed &raquo;<\/a><\/p>\n","protected":false},"author":2,"featured_media":0,"parent":0,"menu_order":0,"comment_status":"open","ping_status":"closed","template":"","meta":{"_uag_custom_page_level_css":"","site-sidebar-layout":"default","site-content-layout":"default","ast-global-header-display":"","ast-main-header-display":"","ast-hfb-above-header-display":"","ast-hfb-below-header-display":"","ast-hfb-mobile-header-display":"","site-post-title":"disabled","ast-breadcrumbs-content":"","ast-featured-img":"","footer-sml-layout":"","theme-transparent-header-meta":"","adv-header-id-meta":"","stick-header-meta":"","header-above-stick-meta":"","header-main-stick-meta":"","header-below-stick-meta":"","footnotes":""},"class_list":["post-205","page","type-page","status-publish","hentry"],"uagb_featured_image_src":{"full":false,"thumbnail":false,"medium":false,"medium_large":false,"large":false,"1536x1536":false,"2048x2048":false},"uagb_author_info":{"display_name":"Michal Ha\u017elinsk\u00fd","author_link":"https:\/\/chcisvojiporodniasistentku.cz\/index.php\/author\/ares\/"},"uagb_comment_info":72,"uagb_excerpt":"Otev\u0159en\u00fd dopis \u010dlen\u016fm poslaneck\u00e9ho V\u00fdboru pro zdravotnictv\u00ed V\u00e1\u017een\u00e9 poslankyn\u011b, v\u00e1\u017een\u00ed poslanci, tento dopis je ur\u010den\u00fd V\u00e1m v\u0161em v poslaneck\u00e9m V\u00fdboru pro zdravotnictv\u00ed. Je V\u00e1m adresov\u00e1n, proto\u017ee budete v&nbsp;n\u00e1sleduj\u00edc\u00edch dnech op\u011btovn\u011b projedn\u00e1vat novelu z\u00e1kona \u010d. 48\/1997 Sb., o ve\u0159ejn\u00e9m zdravotn\u00edm poji\u0161t\u011bn\u00ed, a spole\u010dn\u011b s&nbsp;n\u00edm i jeden z&nbsp;pozm\u011b\u0148ovac\u00edch n\u00e1vrh\u016f, kter\u00fd se t\u00fdk\u00e1 porodn\u00edch asistentek. Pozm\u011b\u0148ovac\u00ed n\u00e1vrh, kter\u00fd&hellip;","_links":{"self":[{"href":"https:\/\/chcisvojiporodniasistentku.cz\/index.php\/wp-json\/wp\/v2\/pages\/205","targetHints":{"allow":["GET"]}}],"collection":[{"href":"https:\/\/chcisvojiporodniasistentku.cz\/index.php\/wp-json\/wp\/v2\/pages"}],"about":[{"href":"https:\/\/chcisvojiporodniasistentku.cz\/index.php\/wp-json\/wp\/v2\/types\/page"}],"author":[{"embeddable":true,"href":"https:\/\/chcisvojiporodniasistentku.cz\/index.php\/wp-json\/wp\/v2\/users\/2"}],"replies":[{"embeddable":true,"href":"https:\/\/chcisvojiporodniasistentku.cz\/index.php\/wp-json\/wp\/v2\/comments?post=205"}],"version-history":[{"count":32,"href":"https:\/\/chcisvojiporodniasistentku.cz\/index.php\/wp-json\/wp\/v2\/pages\/205\/revisions"}],"predecessor-version":[{"id":392,"href":"https:\/\/chcisvojiporodniasistentku.cz\/index.php\/wp-json\/wp\/v2\/pages\/205\/revisions\/392"}],"wp:attachment":[{"href":"https:\/\/chcisvojiporodniasistentku.cz\/index.php\/wp-json\/wp\/v2\/media?parent=205"}],"curies":[{"name":"wp","href":"https:\/\/api.w.org\/{rel}","templated":true}]}}