{"id":190,"date":"2022-05-16T07:42:31","date_gmt":"2022-05-16T05:42:31","guid":{"rendered":"http:\/\/chcisvojiporodniasistentku.cz\/?page_id=190"},"modified":"2022-05-16T14:42:47","modified_gmt":"2022-05-16T12:42:47","slug":"otevreny-dopis-ministrovi-zdravotnictvi","status":"publish","type":"page","link":"https:\/\/chcisvojiporodniasistentku.cz\/index.php\/otevreny-dopis-ministrovi-zdravotnictvi\/","title":{"rendered":"Otev\u0159en\u00fd dopis ministrovi zdravotnictv\u00ed"},"content":{"rendered":"\n<p>V\u00e1\u017een\u00fd pane minist\u0159e V\u00e1lku,&nbsp;<\/p>\n\n\n\n<p>obrac\u00edme se na v\u00e1s jako z\u00e1stupkyn\u011b porodn\u00edch asistentek i \u017een, jako\u017eto p\u0159\u00edjemc\u016f p\u00e9\u010de.&nbsp;<\/p>\n\n\n\n<p>Tento t\u00fdden tj. 16. \u2013 22. kv\u011btna prob\u00edh\u00e1 Sv\u011btov\u00fd t\u00fdden respektu k&nbsp;porodu. Leto\u0161n\u00edm heslem festivalu je <em>\u201eBetter births for better future\u201c.<\/em> Nejen v&nbsp;tyto dny si p\u0159ipom\u00edn\u00e1me, jak je porod d\u016fle\u017eit\u00fd a jak obecn\u011b zrozen\u00ed n\u00e1\u0161 \u017eivot ovliv\u0148uje. A to je i d\u016fvod, pro\u010d v\u00e1m adresujeme tento dopis, proto\u017ee v\u011b\u0159\u00edme, \u017ee vy i cel\u00e1 vl\u00e1da si uv\u011bdomujete, jak moc je d\u016fle\u017eit\u00e9, aby mohly \u017eeny rodit s&nbsp;respektem a&nbsp;v&nbsp;bezpe\u010d\u00ed. A aby o \u017eeny bylo odborn\u011b pe\u010dov\u00e1no nejen p\u0159i porodu, ale i po n\u011bm.<\/p>\n\n\n\n<p>Ve vl\u00e1dn\u00edm prohl\u00e1\u0161en\u00ed toti\u017e p\u00ed\u0161ete, cituji: <em>\u201e<\/em><em>Podpo\u0159\u00edme \u017eeny v jejich volb\u011b poskytovatele p\u00e9\u010de v t\u011bhotenstv\u00ed, p\u0159i porodu i po n\u011bm t\u00edm, \u017ee zp\u0159\u00edstupn\u00edme p\u00e9\u010di porodn\u00edch asistentek s d\u016frazem na kontinu\u00e1lnost p\u00e9\u010de poskytovan\u00e9 jednou osobou.\u201c<\/em>&nbsp;&nbsp;<\/p>\n\n\n\n<p>Cht\u011bly bychom apelovat, aby se za\u010daly podnikat n\u00e1le\u017eit\u00e9 kroky, kter\u00e9 by \u017een\u00e1m opravdu zdostupnily p\u00e9\u010di porodn\u00edch asistentek. Je z\u0159ejm\u00e9, \u017ee nejde najednou p\u0159evr\u00e1tit doposud zaveden\u00fd syst\u00e9m p\u00e9\u010de, ale je z\u00e1sadn\u00ed, aby se t\u00e9to agend\u011b za\u010dala v\u011bnovat pozornost. Za\u010d\u00edt m\u016f\u017eeme tam, kde \u017eena a novorozenec po porodu skon\u010d\u00ed \u2013 u sebe doma.<\/p>\n\n\n\n<p>P\u00e1r t\u00fddn\u016f zp\u00e1tky jsme se dotazovaly v\u00edce ne\u017e 3000 \u017een na jejich zku\u0161enosti se zaji\u0161t\u011bn\u00edm poporodn\u00ed p\u00e9\u010de a z&nbsp;v\u00fdsledk\u016f jsme opravdu znepokojen\u00e9. Potvrdilo se n\u00e1m toti\u017e, \u017ee a\u010d je obdob\u00ed \u0161estined\u011bl\u00ed pro \u017eenu velmi n\u00e1ro\u010dn\u00e9, v\u011bt\u0161ina \u017een z\u016fst\u00e1v\u00e1 bez zaji\u0161t\u011bn\u00e9 odborn\u00e9 pomoci (83 %). Nej\u010dast\u011bji z&nbsp;toho d\u016fvodu, \u017ee ani samy \u017eeny nev\u00ed, \u017ee by o n\u011b mohla porodn\u00ed asistentka pe\u010dovat (60 %), ale \u010dasto tak\u00e9 proto, \u017ee \u017eeny ve sv\u00e9m okol\u00ed porodn\u00ed asistentku v\u016fbec nena\u0161ly (3%) nebo si jej\u00ed p\u00e9\u010di nemohly finan\u010dn\u011b dovolit (7 %).<\/p>\n\n\n\n<p>Pane minist\u0159e, a\u010d by \u017eena mohla po porodu \u010derpat t\u0159i n\u00e1v\u0161t\u011bvy porodn\u00ed asistentkou hrazen\u00e9 poji\u0161\u0165ovnou, tak nem\u00e1 jak. Nem\u00e1me dostatek porodn\u00edch asistentek se smlouvou s&nbsp;poji\u0161\u0165ovnou a nem\u00e1me pro v\u00fdkon t\u00e9to pr\u00e1ce ani dobr\u00e9 podm\u00ednky.<\/p>\n\n\n\n<p>\u017dena a novorozenec \u010derpaj\u00ed hlavn\u00ed benefit z&nbsp;p\u00e9\u010de porodn\u00ed asistentky proto, \u017ee porodn\u00ed asistentka pe\u010duje o n\u011b oba jako o jednotku a tuto p\u00e9\u010di poskytuje v&nbsp;jejich dom\u00e1c\u00edm prost\u0159ed\u00ed. Bohu\u017eel je porodn\u00edm asistentk\u00e1m propl\u00e1cen\u00e1 pouze n\u00e1v\u0161t\u011bvn\u00ed slu\u017eba \u017eeny po porodu, a to je\u0161t\u011b neadekv\u00e1tn\u00ed \u010d\u00e1stkou (cca 300,- K\u010d). V seznamu v\u00fdkon\u016f hrazen\u00fdch poji\u0161\u0165ovnou zcela chyb\u00ed v\u00fdkon jako je n\u00e1v\u0161t\u011bva novorozence porodn\u00ed asistentkou nebo edukace kojen\u00ed. P\u0159itom to v\u0161e jsou \u00fakony, kter\u00e9 porodn\u00ed asistentka p\u0159i poporodn\u00ed n\u00e1v\u0161t\u011bv\u011b prov\u00e1d\u00ed. Za\u0159azen\u00ed t\u011bchto v\u00fdkon\u016f pod odbornost porodn\u00ed asistentky a nav\u00fd\u0161en\u00ed jejich \u010dasov\u00e9 dotace by uleh\u010dilo pr\u00e1ci pediatr\u016fm v prvn\u00edch t\u00fddnech po porodu.<\/p>\n\n\n\n<p>Nav\u00edc k&nbsp;tomu v\u0161emu jsme p\u0159i na\u0161em \u0161et\u0159en\u00ed zjistily, \u017ee se \u017eena k&nbsp;p\u00e9\u010di porodn\u00ed asistentky hrazen\u00e9 poji\u0161\u0165ovnou nemus\u00ed dostat, ani kdy\u017e se j\u00ed poda\u0159\u00ed naj\u00edt porodn\u00ed asistentku, kter\u00e1 smlouvu s&nbsp;jej\u00ed poji\u0161\u0165ovnou m\u00e1. Indikace hrazen\u00e9 p\u00e9\u010de je toti\u017e \u00fakolem o\u0161et\u0159uj\u00edc\u00edho gynekologa a v&nbsp;na\u0161em dotazn\u00edku v\u00edce ne\u017e \u00bc \u017een, kter\u00e9 \u017e\u00e1danku od l\u00e9ka\u0159e sh\u00e1n\u011bly, neusp\u011bly, proto\u017ee l\u00e9ka\u0159 jim tuto p\u00e9\u010di jednodu\u0161e indikovat necht\u011bl, nev\u011bd\u011bl jak, a odm\u00edtl tuto situaci \u0159e\u0161it nebo tvrdil, \u017ee dostate\u010dnou p\u00e9\u010di m\u016f\u017ee poskytnout \u017een\u011b ve vlastn\u00ed ordinaci. Tento p\u0159\u00edstup je tristn\u00ed.&nbsp;<\/p>\n\n\n\n<p>D\u00edky v\u0161em t\u011bmto faktor\u016fm m\u011blo poporodn\u00ed n\u00e1v\u0161t\u011bvu porodn\u00ed asistentkou jen 17 % dotazovan\u00fdch. A z&nbsp;t\u011bchto \u017een m\u011blo jen 7 % tuto n\u00e1v\u0161t\u011bvu hrazenou z&nbsp;ve\u0159ejn\u00e9ho zdravotn\u00edho poji\u0161t\u011bn\u00ed. P\u0159itom 83 % z&nbsp;t\u011bch \u017een, kter\u00e9 o t\u00e9to slu\u017eb\u011b v\u016fbec nev\u011bd\u011bly a v&nbsp;\u0161estined\u011bl\u00ed ji tedy logicky nevyu\u017eily, uvedlo, \u017ee pokud by o t\u00e9to mo\u017enosti v\u011bd\u011bly, m\u011bly by o n\u00ed z\u00e1jem! Sou\u010dtem v\u0161ech t\u011bchto \u017een se tedy dost\u00e1v\u00e1me na zhruba 80 % z&nbsp;dotazovan\u00fdch \u017een, kter\u00e9 si p\u0159ej\u00ed, aby v&nbsp;\u0161estined\u011bl\u00ed m\u011bly zaji\u0161t\u011bnou odbornou p\u00e9\u010di.&nbsp;<\/p>\n\n\n\n<p>To nen\u00ed mal\u00e9 \u010d\u00edslo, pane minist\u0159e. Pros\u00edm, poj\u010fme se postarat o \u017eeny a d\u011bti po porodu.<\/p>\n\n\n\n<p><\/p>\n\n\n\n<p>S&nbsp;\u00factou,&nbsp;<\/p>\n\n\n\n<p>porodn\u00ed asistentky Bc. Veronika Ha\u017elinsk\u00e1 a Bc. Martina Suchardov\u00e1<\/p>\n\n\n\n<p><\/p>\n\n\n\n<p>D\u00e1le se p\u0159ipojili:<\/p>\n\n\n\n<p>UNIPA &#8211; Unie porodn\u00edch asistentek&nbsp;<\/p>\n\n\n\n<p>H.a.m. &#8211; Hnut\u00ed za aktivn\u00ed mate\u0159stv\u00ed<\/p>\n\n\n\n<p>Lilia Khousnoutdinova a nada\u010dn\u00ed fond Propolis33<\/p>\n\n\n\n<p>\u010cesk\u00e1 \u017eensk\u00e1 lobby <\/p>\n\n\n\n<p>APERIO &#8211; spole\u010dnost pro zdrav\u00e9 rodi\u010dovstv\u00ed <\/p>\n","protected":false},"excerpt":{"rendered":"<p>V\u00e1\u017een\u00fd pane minist\u0159e V\u00e1lku,&nbsp; obrac\u00edme se na v\u00e1s jako z\u00e1stupkyn\u011b porodn\u00edch asistentek i \u017een, jako\u017eto p\u0159\u00edjemc\u016f p\u00e9\u010de.&nbsp; Tento t\u00fdden tj. 16. \u2013 22. kv\u011btna prob\u00edh\u00e1 Sv\u011btov\u00fd t\u00fdden respektu k&nbsp;porodu. Leto\u0161n\u00edm heslem festivalu je \u201eBetter births for better future\u201c. Nejen v&nbsp;tyto dny si p\u0159ipom\u00edn\u00e1me, jak je porod d\u016fle\u017eit\u00fd a jak obecn\u011b zrozen\u00ed n\u00e1\u0161 \u017eivot ovliv\u0148uje. A &hellip;<\/p>\n<p class=\"read-more\"> <a class=\"\" href=\"https:\/\/chcisvojiporodniasistentku.cz\/index.php\/otevreny-dopis-ministrovi-zdravotnictvi\/\"> <span class=\"screen-reader-text\">Otev\u0159en\u00fd dopis ministrovi zdravotnictv\u00ed<\/span> Pokra\u010dovat ve \u010dten\u00ed &raquo;<\/a><\/p>\n","protected":false},"author":3,"featured_media":0,"parent":0,"menu_order":0,"comment_status":"closed","ping_status":"closed","template":"","meta":{"_uag_custom_page_level_css":"","site-sidebar-layout":"default","site-content-layout":"default","ast-global-header-display":"","ast-main-header-display":"","ast-hfb-above-header-display":"","ast-hfb-below-header-display":"","ast-hfb-mobile-header-display":"","site-post-title":"","ast-breadcrumbs-content":"","ast-featured-img":"","footer-sml-layout":"","theme-transparent-header-meta":"","adv-header-id-meta":"","stick-header-meta":"","header-above-stick-meta":"","header-main-stick-meta":"","header-below-stick-meta":"","footnotes":""},"class_list":["post-190","page","type-page","status-publish","hentry"],"uagb_featured_image_src":{"full":false,"thumbnail":false,"medium":false,"medium_large":false,"large":false,"1536x1536":false,"2048x2048":false},"uagb_author_info":{"display_name":"Veronika Ha\u017elinsk\u00e1","author_link":"https:\/\/chcisvojiporodniasistentku.cz\/index.php\/author\/veru\/"},"uagb_comment_info":0,"uagb_excerpt":"V\u00e1\u017een\u00fd pane minist\u0159e V\u00e1lku,&nbsp; obrac\u00edme se na v\u00e1s jako z\u00e1stupkyn\u011b porodn\u00edch asistentek i \u017een, jako\u017eto p\u0159\u00edjemc\u016f p\u00e9\u010de.&nbsp; Tento t\u00fdden tj. 16. \u2013 22. kv\u011btna prob\u00edh\u00e1 Sv\u011btov\u00fd t\u00fdden respektu k&nbsp;porodu. Leto\u0161n\u00edm heslem festivalu je \u201eBetter births for better future\u201c. Nejen v&nbsp;tyto dny si p\u0159ipom\u00edn\u00e1me, jak je porod d\u016fle\u017eit\u00fd a jak obecn\u011b zrozen\u00ed n\u00e1\u0161 \u017eivot ovliv\u0148uje. A&hellip;","_links":{"self":[{"href":"https:\/\/chcisvojiporodniasistentku.cz\/index.php\/wp-json\/wp\/v2\/pages\/190","targetHints":{"allow":["GET"]}}],"collection":[{"href":"https:\/\/chcisvojiporodniasistentku.cz\/index.php\/wp-json\/wp\/v2\/pages"}],"about":[{"href":"https:\/\/chcisvojiporodniasistentku.cz\/index.php\/wp-json\/wp\/v2\/types\/page"}],"author":[{"embeddable":true,"href":"https:\/\/chcisvojiporodniasistentku.cz\/index.php\/wp-json\/wp\/v2\/users\/3"}],"replies":[{"embeddable":true,"href":"https:\/\/chcisvojiporodniasistentku.cz\/index.php\/wp-json\/wp\/v2\/comments?post=190"}],"version-history":[{"count":2,"href":"https:\/\/chcisvojiporodniasistentku.cz\/index.php\/wp-json\/wp\/v2\/pages\/190\/revisions"}],"predecessor-version":[{"id":196,"href":"https:\/\/chcisvojiporodniasistentku.cz\/index.php\/wp-json\/wp\/v2\/pages\/190\/revisions\/196"}],"wp:attachment":[{"href":"https:\/\/chcisvojiporodniasistentku.cz\/index.php\/wp-json\/wp\/v2\/media?parent=190"}],"curies":[{"name":"wp","href":"https:\/\/api.w.org\/{rel}","templated":true}]}}