{"id":18,"date":"2021-05-10T23:56:09","date_gmt":"2021-05-10T21:56:09","guid":{"rendered":"http:\/\/chcisvojiporodniasistentku.cz\/?page_id=18"},"modified":"2023-02-15T22:50:34","modified_gmt":"2023-02-15T21:50:34","slug":"kontakt","status":"publish","type":"page","link":"https:\/\/chcisvojiporodniasistentku.cz\/index.php\/kontakt\/","title":{"rendered":"Kontakt"},"content":{"rendered":"\n<div class=\"wp-block-columns is-layout-flex wp-container-core-columns-is-layout-1 wp-block-columns-is-layout-flex\">\n<div class=\"wp-block-column is-layout-flow wp-block-column-is-layout-flow\" style=\"flex-basis:50%\">\n<h2 class=\"wp-block-heading\">Kontakt<\/h2>\n\n\n\n<p>Porodn\u00ed asistentka a autorka v\u00fdzvy <em><mark style=\"background-color:rgba(0, 0, 0, 0)\" class=\"has-inline-color has-ast-global-color-0-color\">#chcisvojiporodn\u00edasistentku<\/mark><\/em><br><strong>Bc. Veronika Ha\u017elinsk\u00e1<\/strong><br>email: veronika.hazlinska@gmail.com<br>telefon: +420 737 540 825<br><\/p>\n<\/div>\n\n\n\n<div class=\"wp-block-column is-layout-flow wp-block-column-is-layout-flow\" style=\"flex-basis:50%\">\n<figure class=\"wp-block-image aligncenter size-large is-resized\"><img loading=\"lazy\" decoding=\"async\" src=\"https:\/\/chcisvojiporodniasistentku.cz\/wp-content\/uploads\/2023\/02\/707FB2F1-69F7-44FD-903E-7EA90802DF2B-1024x1024.png\" alt=\"\" class=\"wp-image-267\" width=\"320\" height=\"320\" srcset=\"https:\/\/chcisvojiporodniasistentku.cz\/wp-content\/uploads\/2023\/02\/707FB2F1-69F7-44FD-903E-7EA90802DF2B-1024x1024.png 1024w, https:\/\/chcisvojiporodniasistentku.cz\/wp-content\/uploads\/2023\/02\/707FB2F1-69F7-44FD-903E-7EA90802DF2B-300x300.png 300w, https:\/\/chcisvojiporodniasistentku.cz\/wp-content\/uploads\/2023\/02\/707FB2F1-69F7-44FD-903E-7EA90802DF2B-150x150.png 150w, https:\/\/chcisvojiporodniasistentku.cz\/wp-content\/uploads\/2023\/02\/707FB2F1-69F7-44FD-903E-7EA90802DF2B-768x768.png 768w, https:\/\/chcisvojiporodniasistentku.cz\/wp-content\/uploads\/2023\/02\/707FB2F1-69F7-44FD-903E-7EA90802DF2B.png 1080w\" sizes=\"auto, (max-width: 320px) 100vw, 320px\" \/><\/figure>\n<\/div>\n<\/div>\n","protected":false},"excerpt":{"rendered":"<p>Kontakt Porodn\u00ed asistentka a autorka v\u00fdzvy #chcisvojiporodn\u00edasistentkuBc. Veronika Ha\u017elinsk\u00e1email: veronika.hazlinska@gmail.comtelefon: +420 737 540 825<\/p>\n","protected":false},"author":2,"featured_media":0,"parent":0,"menu_order":0,"comment_status":"closed","ping_status":"closed","template":"","meta":{"_uag_custom_page_level_css":"","site-sidebar-layout":"default","site-content-layout":"default","ast-global-header-display":"","ast-main-header-display":"","ast-hfb-above-header-display":"","ast-hfb-below-header-display":"","ast-hfb-mobile-header-display":"","site-post-title":"disabled","ast-breadcrumbs-content":"","ast-featured-img":"","footer-sml-layout":"","theme-transparent-header-meta":"","adv-header-id-meta":"","stick-header-meta":"","header-above-stick-meta":"","header-main-stick-meta":"","header-below-stick-meta":"","footnotes":""},"class_list":["post-18","page","type-page","status-publish","hentry"],"uagb_featured_image_src":{"full":false,"thumbnail":false,"medium":false,"medium_large":false,"large":false,"1536x1536":false,"2048x2048":false},"uagb_author_info":{"display_name":"Michal Ha\u017elinsk\u00fd","author_link":"https:\/\/chcisvojiporodniasistentku.cz\/index.php\/author\/ares\/"},"uagb_comment_info":0,"uagb_excerpt":"Kontakt Porodn\u00ed asistentka a autorka v\u00fdzvy #chcisvojiporodn\u00edasistentkuBc. Veronika Ha\u017elinsk\u00e1email: veronika.hazlinska@gmail.comtelefon: +420 737 540 825","_links":{"self":[{"href":"https:\/\/chcisvojiporodniasistentku.cz\/index.php\/wp-json\/wp\/v2\/pages\/18","targetHints":{"allow":["GET"]}}],"collection":[{"href":"https:\/\/chcisvojiporodniasistentku.cz\/index.php\/wp-json\/wp\/v2\/pages"}],"about":[{"href":"https:\/\/chcisvojiporodniasistentku.cz\/index.php\/wp-json\/wp\/v2\/types\/page"}],"author":[{"embeddable":true,"href":"https:\/\/chcisvojiporodniasistentku.cz\/index.php\/wp-json\/wp\/v2\/users\/2"}],"replies":[{"embeddable":true,"href":"https:\/\/chcisvojiporodniasistentku.cz\/index.php\/wp-json\/wp\/v2\/comments?post=18"}],"version-history":[{"count":6,"href":"https:\/\/chcisvojiporodniasistentku.cz\/index.php\/wp-json\/wp\/v2\/pages\/18\/revisions"}],"predecessor-version":[{"id":287,"href":"https:\/\/chcisvojiporodniasistentku.cz\/index.php\/wp-json\/wp\/v2\/pages\/18\/revisions\/287"}],"wp:attachment":[{"href":"https:\/\/chcisvojiporodniasistentku.cz\/index.php\/wp-json\/wp\/v2\/media?parent=18"}],"curies":[{"name":"wp","href":"https:\/\/api.w.org\/{rel}","templated":true}]}}