{"id":127,"date":"2021-05-23T22:46:15","date_gmt":"2021-05-23T20:46:15","guid":{"rendered":"http:\/\/chcisvojiporodniasistentku.cz\/?page_id=127"},"modified":"2023-02-15T19:18:05","modified_gmt":"2023-02-15T18:18:05","slug":"vzkazy-poslancum","status":"publish","type":"page","link":"https:\/\/chcisvojiporodniasistentku.cz\/index.php\/vzkazy-poslancum\/","title":{"rendered":"Nejsem anonymn\u00ed maminka v syst\u00e9mu"},"content":{"rendered":"\n<h1 class=\"has-text-align-center wp-block-heading\">Nejsem anonymn\u00ed maminka v syst\u00e9mu<\/h1>\n\n\n\n<p><\/p>\n\n\n\n<div class=\"wp-block-columns is-layout-flex wp-container-core-columns-is-layout-1 wp-block-columns-is-layout-flex\">\n<div class=\"wp-block-column is-layout-flow wp-block-column-is-layout-flow\" style=\"flex-basis:50%\">\n<p class=\"has-medium-font-size\">Jsem \u017eena, m\u00e1m jm\u00e9no a m\u00e1m hlas.<\/p>\n\n\n\n<p>Jmenuji se Veronika Ha\u017elinsk\u00e1 a rozhodla jsem se bojovat za lep\u0161\u00ed porodnictv\u00ed pro v\u0161echny \u017eeny.<\/p>\n\n\n\n<p>Kdy\u017e jsem mohla zvednout sv\u016fj hlas j\u00e1, tak m\u016f\u017ee ka\u017ed\u00fd. Ozv\u011bte se. Kv\u016fli sob\u011b, kv\u016fli sv\u00fdm man\u017eelk\u00e1m, kamar\u00e1dk\u00e1m, dcer\u00e1m\u2026<\/p>\n\n\n\n<p>Tento rok jsme se spole\u010dn\u011b postavili za pozm\u011b\u0148ovac\u00ed n\u00e1vrh Olgy Richterov\u00e9, kter\u00fd se sna\u017eil pro \u017eeny zdostupnit p\u00e9\u010di porodn\u00ed asistentky hrazenou poji\u0161\u0165ovnou. Aby si mohly v\u0161echny \u017eeny dovolit poporodn\u00ed p\u00e9\u010di, kter\u00e1 tu tak zoufale chyb\u00ed.<\/p>\n\n\n\n<p>Napsala jsem poslanc\u016fm otev\u0159en\u00fd dopis, ve kter\u00e9m vysv\u011btluji, jak je d\u016fle\u017eit\u00e9, aby se zab\u00fdvali poporodn\u00ed p\u00e9\u010d\u00ed a aby podpo\u0159ili n\u00e1vrhy, kter\u00e9 maj\u00ed sou\u010dasnou situaci zlep\u0161it.<\/p>\n\n\n\n<p>Otev\u0159en\u00fd dopis do zased\u00e1n\u00ed sn\u011bmovny podepsalo v\u00edce ne\u017e 5000 lid\u00ed. 5000 lid\u00ed, kter\u00fdm nen\u00ed situace lhostejn\u00e1 a p\u0159ej\u00ed si zm\u011bnu.<\/p>\n\n\n\n<p>Tak\u00e9 jsme psali poslanc\u016fm vzkazy. Na\u0161e porodn\u00ed p\u0159\u00edb\u011bhy, na\u0161e argumenty, na\u0161e p\u0159\u00e1n\u00ed. Bohu\u017eel jsme nebyli vysly\u0161eni, sn\u011bmovna n\u00e1vrh zam\u00edtla.<\/p>\n<\/div>\n\n\n\n<div class=\"wp-block-column is-layout-flow wp-block-column-is-layout-flow\" style=\"flex-basis:50%\">\n<figure class=\"wp-block-image aligncenter size-large\"><img loading=\"lazy\" decoding=\"async\" width=\"1024\" height=\"1024\" src=\"http:\/\/chcisvojiporodniasistentku.cz\/wp-content\/uploads\/2021\/05\/D291E916-0F2F-4626-8253-6295A0770752-1024x1024.png\" alt=\"\" class=\"wp-image-149\" srcset=\"https:\/\/chcisvojiporodniasistentku.cz\/wp-content\/uploads\/2021\/05\/D291E916-0F2F-4626-8253-6295A0770752-1024x1024.png 1024w, https:\/\/chcisvojiporodniasistentku.cz\/wp-content\/uploads\/2021\/05\/D291E916-0F2F-4626-8253-6295A0770752-300x300.png 300w, https:\/\/chcisvojiporodniasistentku.cz\/wp-content\/uploads\/2021\/05\/D291E916-0F2F-4626-8253-6295A0770752-150x150.png 150w, https:\/\/chcisvojiporodniasistentku.cz\/wp-content\/uploads\/2021\/05\/D291E916-0F2F-4626-8253-6295A0770752-768x768.png 768w, https:\/\/chcisvojiporodniasistentku.cz\/wp-content\/uploads\/2021\/05\/D291E916-0F2F-4626-8253-6295A0770752.png 1080w\" sizes=\"auto, (max-width: 1024px) 100vw, 1024px\" \/><\/figure>\n<\/div>\n<\/div>\n\n\n\n<p>Je tu ale nov\u00e1 vl\u00e1da a my m\u00e1me mo\u017enost ozvat se znovu. P\u0159ipojte sv\u016fj podpis, sd\u00edlejte na s\u00edt\u00edch p\u0159\u00edsp\u011bvky s #chcisvojiporodniasistentku. <br>A\u0165 je n\u00e1s sly\u0161et, \u017ee chceme svoji porodn\u00ed asistentku.<\/p>\n\n\n\n<p>Veronika<br>#chcisvojiporodniasistentku<\/p>\n","protected":false},"excerpt":{"rendered":"<p>Nejsem anonymn\u00ed maminka v syst\u00e9mu Jsem \u017eena, m\u00e1m jm\u00e9no a m\u00e1m hlas. Jmenuji se Veronika Ha\u017elinsk\u00e1 a rozhodla jsem se bojovat za lep\u0161\u00ed porodnictv\u00ed pro v\u0161echny \u017eeny. Kdy\u017e jsem mohla zvednout sv\u016fj hlas j\u00e1, tak m\u016f\u017ee ka\u017ed\u00fd. Ozv\u011bte se. Kv\u016fli sob\u011b, kv\u016fli sv\u00fdm man\u017eelk\u00e1m, kamar\u00e1dk\u00e1m, dcer\u00e1m\u2026 Tento rok jsme se spole\u010dn\u011b postavili za pozm\u011b\u0148ovac\u00ed n\u00e1vrh &hellip;<\/p>\n<p class=\"read-more\"> <a class=\"\" href=\"https:\/\/chcisvojiporodniasistentku.cz\/index.php\/vzkazy-poslancum\/\"> <span class=\"screen-reader-text\">Nejsem anonymn\u00ed maminka v syst\u00e9mu<\/span> Pokra\u010dovat ve \u010dten\u00ed &raquo;<\/a><\/p>\n","protected":false},"author":2,"featured_media":0,"parent":0,"menu_order":0,"comment_status":"open","ping_status":"closed","template":"","meta":{"_uag_custom_page_level_css":"","site-sidebar-layout":"default","site-content-layout":"default","ast-global-header-display":"","ast-main-header-display":"","ast-hfb-above-header-display":"","ast-hfb-below-header-display":"","ast-hfb-mobile-header-display":"","site-post-title":"disabled","ast-breadcrumbs-content":"","ast-featured-img":"","footer-sml-layout":"","theme-transparent-header-meta":"default","adv-header-id-meta":"","stick-header-meta":"","header-above-stick-meta":"","header-main-stick-meta":"","header-below-stick-meta":"","footnotes":""},"class_list":["post-127","page","type-page","status-publish","hentry"],"uagb_featured_image_src":{"full":false,"thumbnail":false,"medium":false,"medium_large":false,"large":false,"1536x1536":false,"2048x2048":false},"uagb_author_info":{"display_name":"Michal Ha\u017elinsk\u00fd","author_link":"https:\/\/chcisvojiporodniasistentku.cz\/index.php\/author\/ares\/"},"uagb_comment_info":165,"uagb_excerpt":"Nejsem anonymn\u00ed maminka v syst\u00e9mu Jsem \u017eena, m\u00e1m jm\u00e9no a m\u00e1m hlas. Jmenuji se Veronika Ha\u017elinsk\u00e1 a rozhodla jsem se bojovat za lep\u0161\u00ed porodnictv\u00ed pro v\u0161echny \u017eeny. Kdy\u017e jsem mohla zvednout sv\u016fj hlas j\u00e1, tak m\u016f\u017ee ka\u017ed\u00fd. Ozv\u011bte se. Kv\u016fli sob\u011b, kv\u016fli sv\u00fdm man\u017eelk\u00e1m, kamar\u00e1dk\u00e1m, dcer\u00e1m\u2026 Tento rok jsme se spole\u010dn\u011b postavili za pozm\u011b\u0148ovac\u00ed n\u00e1vrh&hellip;","_links":{"self":[{"href":"https:\/\/chcisvojiporodniasistentku.cz\/index.php\/wp-json\/wp\/v2\/pages\/127","targetHints":{"allow":["GET"]}}],"collection":[{"href":"https:\/\/chcisvojiporodniasistentku.cz\/index.php\/wp-json\/wp\/v2\/pages"}],"about":[{"href":"https:\/\/chcisvojiporodniasistentku.cz\/index.php\/wp-json\/wp\/v2\/types\/page"}],"author":[{"embeddable":true,"href":"https:\/\/chcisvojiporodniasistentku.cz\/index.php\/wp-json\/wp\/v2\/users\/2"}],"replies":[{"embeddable":true,"href":"https:\/\/chcisvojiporodniasistentku.cz\/index.php\/wp-json\/wp\/v2\/comments?post=127"}],"version-history":[{"count":20,"href":"https:\/\/chcisvojiporodniasistentku.cz\/index.php\/wp-json\/wp\/v2\/pages\/127\/revisions"}],"predecessor-version":[{"id":279,"href":"https:\/\/chcisvojiporodniasistentku.cz\/index.php\/wp-json\/wp\/v2\/pages\/127\/revisions\/279"}],"wp:attachment":[{"href":"https:\/\/chcisvojiporodniasistentku.cz\/index.php\/wp-json\/wp\/v2\/media?parent=127"}],"curies":[{"name":"wp","href":"https:\/\/api.w.org\/{rel}","templated":true}]}}